{"id":12096,"date":"2018-12-10T03:06:47","date_gmt":"2018-12-10T03:06:47","guid":{"rendered":"https:\/\/luxuryadventurestour.com\/ueber-uns\/"},"modified":"2025-08-12T22:11:57","modified_gmt":"2025-08-12T22:11:57","slug":"ueber-uns","status":"publish","type":"page","link":"https:\/\/luxuryadventurestour.com\/de\/ueber-uns\/","title":{"rendered":"\u00dcber uns"},"content":{"rendered":"\t\t<div data-elementor-type=\"wp-page\" data-elementor-id=\"12096\" class=\"elementor elementor-12096 elementor-8028\">\n\t\t\t\t\t\t<section class=\"elementor-section elementor-top-section elementor-element elementor-element-1982245f elementor-section-full_width elementor-section-height-default elementor-section-height-default\" data-id=\"1982245f\" data-element_type=\"section\" data-e-type=\"section\">\n\t\t\t\t\t\t<div class=\"elementor-container elementor-column-gap-no\">\n\t\t\t\t\t<div class=\"elementor-column elementor-col-100 elementor-top-column elementor-element elementor-element-54e9463d\" data-id=\"54e9463d\" data-element_type=\"column\" data-e-type=\"column\">\n\t\t\t<div class=\"elementor-widget-wrap elementor-element-populated\">\n\t\t\t\t\t\t<section class=\"elementor-section elementor-inner-section elementor-element elementor-element-6dfa73ce elementor-section-boxed elementor-section-height-default elementor-section-height-default\" data-id=\"6dfa73ce\" data-element_type=\"section\" data-e-type=\"section\">\n\t\t\t\t\t\t<div class=\"elementor-container elementor-column-gap-default\">\n\t\t\t\t\t<div class=\"elementor-column elementor-col-50 elementor-inner-column elementor-element elementor-element-31ec1115\" data-id=\"31ec1115\" data-element_type=\"column\" data-e-type=\"column\">\n\t\t\t<div class=\"elementor-widget-wrap elementor-element-populated\">\n\t\t\t\t\t\t<div class=\"elementor-element elementor-element-523edbc1 animated-slow elementor-invisible elementor-widget elementor-widget-image\" data-id=\"523edbc1\" data-element_type=\"widget\" data-e-type=\"widget\" data-settings=\"{&quot;_animation&quot;:&quot;zoomIn&quot;}\" data-widget_type=\"image.default\">\n\t\t\t\t<div class=\"elementor-widget-container\">\n\t\t\t\t\t\t\t\t\t\t\t\t\t\t\t<img decoding=\"async\" src=\"https:\/\/luxuryadventurestour.com\/wp-content\/uploads\/2025\/08\/7f55fc89-johan-mouchet-z95viy3wazs-unsplash-1.png\" title=\"\" alt=\"\" loading=\"lazy\" \/>\t\t\t\t\t\t\t\t\t\t\t\t\t\t\t<\/div>\n\t\t\t\t<\/div>\n\t\t\t\t\t<\/div>\n\t\t<\/div>\n\t\t\t\t<div class=\"elementor-column elementor-col-50 elementor-inner-column elementor-element elementor-element-2ef08016\" data-id=\"2ef08016\" data-element_type=\"column\" data-e-type=\"column\">\n\t\t\t<div class=\"elementor-widget-wrap elementor-element-populated\">\n\t\t\t\t\t\t<div class=\"elementor-element elementor-element-48436f61 animated-slow elementor-invisible elementor-widget elementor-widget-heading\" data-id=\"48436f61\" data-element_type=\"widget\" data-e-type=\"widget\" data-settings=\"{&quot;_animation&quot;:&quot;fadeIn&quot;}\" data-widget_type=\"heading.default\">\n\t\t\t\t<div class=\"elementor-widget-container\">\n\t\t\t\t\t<h2 class=\"elementor-heading-title elementor-size-default\">W\u00e4hlen Sie WiseTrips f\u00fcr alle Ihre Reisen<\/h2>\t\t\t\t<\/div>\n\t\t\t\t<\/div>\n\t\t\t\t<div class=\"elementor-element elementor-element-64c2890d animated-slow elementor-invisible elementor-widget elementor-widget-heading\" data-id=\"64c2890d\" data-element_type=\"widget\" data-e-type=\"widget\" data-settings=\"{&quot;_animation&quot;:&quot;fadeIn&quot;,&quot;_animation_delay&quot;:500}\" data-widget_type=\"heading.default\">\n\t\t\t\t<div class=\"elementor-widget-container\">\n\t\t\t\t\t<h2 class=\"elementor-heading-title elementor-size-default\">Wir sorgen daf\u00fcr, dass unsere Kunden den sch\u00f6nsten Urlaub ihres Lebens verbringen. Wir k\u00fcmmern uns um alles, was sie auf der Tour ben\u00f6tigen, und bieten ihnen umfassende Flexibilit\u00e4t bei der Auswahl der Pakete.<\/h2>\t\t\t\t<\/div>\n\t\t\t\t<\/div>\n\t\t\t\t<div class=\"elementor-element elementor-element-5788610c elementor-widget elementor-widget-eael-progress-bar\" data-id=\"5788610c\" data-element_type=\"widget\" data-e-type=\"widget\" data-widget_type=\"eael-progress-bar.default\">\n\t\t\t\t<div class=\"elementor-widget-container\">\n\t\t\t\t\t<div class=\"eael-progressbar-line-container center\">\n                <div class=\"eael-progressbar-title\">Flexibilit\u00e4t in Paketen<\/div>\n\n                <div class=\"eael-progressbar eael-progressbar-line eael-progressbar-line-stripe eael-progressbar-line-animate-rtl\" data-layout=\"line\" data-count=\"95\" data-duration=\"2500\">\n                    <span class=\"eael-progressbar-count-wrap\"><span class=\"eael-progressbar-count\">0<\/span><span class=\"postfix\">%<\/span><\/span>\n                    <span class=\"eael-progressbar-line-fill \" style=\"-webkit-transition-duration:2500ms;-o-transition-duration:2500ms;transition-duration:2500ms;\"><\/span>\n                <\/div>\n            <\/div>\t\t\t\t<\/div>\n\t\t\t\t<\/div>\n\t\t\t\t<div class=\"elementor-element elementor-element-9e17324 elementor-widget elementor-widget-eael-progress-bar\" data-id=\"9e17324\" data-element_type=\"widget\" data-e-type=\"widget\" data-widget_type=\"eael-progress-bar.default\">\n\t\t\t\t<div class=\"elementor-widget-container\">\n\t\t\t\t\t<div class=\"eael-progressbar-line-container center\">\n                <div class=\"eael-progressbar-title\">Freundlicher Service<\/div>\n\n                <div class=\"eael-progressbar eael-progressbar-line eael-progressbar-line-stripe eael-progressbar-line-animate-rtl\" data-layout=\"line\" data-count=\"99\" data-duration=\"2500\">\n                    <span class=\"eael-progressbar-count-wrap\"><span class=\"eael-progressbar-count\">0<\/span><span class=\"postfix\">%<\/span><\/span>\n                    <span class=\"eael-progressbar-line-fill \" style=\"-webkit-transition-duration:2500ms;-o-transition-duration:2500ms;transition-duration:2500ms;\"><\/span>\n                <\/div>\n            <\/div>\t\t\t\t<\/div>\n\t\t\t\t<\/div>\n\t\t\t\t\t<\/div>\n\t\t<\/div>\n\t\t\t\t\t<\/div>\n\t\t<\/section>\n\t\t\t\t\t<\/div>\n\t\t<\/div>\n\t\t\t\t\t<\/div>\n\t\t<\/section>\n\t\t\t\t<section class=\"elementor-section elementor-top-section elementor-element elementor-element-424b2786 elementor-section-full_width elementor-section-height-default elementor-section-height-default\" data-id=\"424b2786\" data-element_type=\"section\" data-e-type=\"section\" data-settings=\"{&quot;background_background&quot;:&quot;classic&quot;}\">\n\t\t\t\t\t\t\t<div class=\"elementor-background-overlay\"><\/div>\n\t\t\t\t\t\t\t<div class=\"elementor-container elementor-column-gap-default\">\n\t\t\t\t\t<div class=\"elementor-column elementor-col-100 elementor-top-column elementor-element elementor-element-79354488\" data-id=\"79354488\" data-element_type=\"column\" data-e-type=\"column\">\n\t\t\t<div class=\"elementor-widget-wrap elementor-element-populated\">\n\t\t\t\t\t\t<section class=\"elementor-section elementor-inner-section elementor-element elementor-element-8a7bb7e elementor-section-boxed elementor-section-height-default elementor-section-height-default\" data-id=\"8a7bb7e\" data-element_type=\"section\" data-e-type=\"section\">\n\t\t\t\t\t\t<div class=\"elementor-container elementor-column-gap-default\">\n\t\t\t\t\t<div class=\"elementor-column elementor-col-50 elementor-inner-column elementor-element elementor-element-278f1a06\" data-id=\"278f1a06\" data-element_type=\"column\" data-e-type=\"column\">\n\t\t\t<div class=\"elementor-widget-wrap elementor-element-populated\">\n\t\t\t\t\t\t<div class=\"elementor-element elementor-element-5c81f5b5 animated-slow elementor-invisible elementor-widget elementor-widget-heading\" data-id=\"5c81f5b5\" data-element_type=\"widget\" data-e-type=\"widget\" data-settings=\"{&quot;_animation&quot;:&quot;fadeInRight&quot;}\" data-widget_type=\"heading.default\">\n\t\t\t\t<div class=\"elementor-widget-container\">\n\t\t\t\t\t<h2 class=\"elementor-heading-title elementor-size-default\">Gemeinsam k\u00f6nnen wir tolle Erinnerungen schaffen<\/h2>\t\t\t\t<\/div>\n\t\t\t\t<\/div>\n\t\t\t\t<div class=\"elementor-element elementor-element-f065581 animated-slow elementor-invisible elementor-widget elementor-widget-heading\" data-id=\"f065581\" data-element_type=\"widget\" data-e-type=\"widget\" data-settings=\"{&quot;_animation&quot;:&quot;fadeIn&quot;,&quot;_animation_delay&quot;:400}\" data-widget_type=\"heading.default\">\n\t\t\t\t<div class=\"elementor-widget-container\">\n\t\t\t\t\t<h2 class=\"elementor-heading-title elementor-size-default\">Sind Sie bereit, uns auf Ihrer n\u00e4chsten Reise zu begleiten?<\/h2>\t\t\t\t<\/div>\n\t\t\t\t<\/div>\n\t\t\t\t<div class=\"elementor-element elementor-element-552dd4c5 elementor-widget__width-auto animated-slow elementor-invisible elementor-widget elementor-widget-button\" data-id=\"552dd4c5\" data-element_type=\"widget\" data-e-type=\"widget\" data-settings=\"{&quot;_animation&quot;:&quot;fadeIn&quot;,&quot;_animation_delay&quot;:500}\" data-widget_type=\"button.default\">\n\t\t\t\t<div class=\"elementor-widget-container\">\n\t\t\t\t\t\t\t\t\t<div class=\"elementor-button-wrapper\">\n\t\t\t\t\t<a class=\"elementor-button elementor-button-link elementor-size-md elementor-animation-shrink\" href=\"https:\/\/luxuryadventurestour.com\/de\/tourliste\/\">\n\t\t\t\t\t\t<span class=\"elementor-button-content-wrapper\">\n\t\t\t\t\t\t\t\t\t<span class=\"elementor-button-text\">Reiseziel entdecken<\/span>\n\t\t\t\t\t<\/span>\n\t\t\t\t\t<\/a>\n\t\t\t\t<\/div>\n\t\t\t\t\t\t\t\t<\/div>\n\t\t\t\t<\/div>\n\t\t\t\t\t<\/div>\n\t\t<\/div>\n\t\t\t\t<div class=\"elementor-column elementor-col-50 elementor-inner-column elementor-element elementor-element-2421f1fa\" data-id=\"2421f1fa\" data-element_type=\"column\" data-e-type=\"column\">\n\t\t\t<div class=\"elementor-widget-wrap elementor-element-populated\">\n\t\t\t\t\t\t<div class=\"elementor-element elementor-element-4d126df2 elementor-widget__width-initial animated-slow elementor-invisible elementor-widget elementor-widget-video\" data-id=\"4d126df2\" data-element_type=\"widget\" data-e-type=\"widget\" data-settings=\"{&quot;youtube_url&quot;:&quot;https:\\\/\\\/www.youtube.com\\\/watch?v=XHOmBV4js_E&quot;,&quot;show_image_overlay&quot;:&quot;yes&quot;,&quot;image_overlay&quot;:{&quot;url&quot;:&quot;https:\\\/\\\/luxuryadventurestour.com\\\/wp-content\\\/uploads\\\/2025\\\/08\\\/1b1a28eb-group-230.png&quot;,&quot;id&quot;:10735,&quot;size&quot;:&quot;&quot;},&quot;lightbox&quot;:&quot;yes&quot;,&quot;lightbox_content_animation&quot;:&quot;fadeIn&quot;,&quot;_animation&quot;:&quot;fadeInUp&quot;,&quot;video_type&quot;:&quot;youtube&quot;}\" data-widget_type=\"video.default\">\n\t\t\t\t<div class=\"elementor-widget-container\">\n\t\t\t\t\t\t\t<div class=\"elementor-wrapper elementor-open-lightbox\">\n\t\t\t\t\t\t\t<div class=\"elementor-custom-embed-image-overlay\" data-elementor-open-lightbox=\"yes\" data-elementor-lightbox=\"{&quot;type&quot;:&quot;video&quot;,&quot;videoType&quot;:&quot;youtube&quot;,&quot;url&quot;:&quot;https:\\\/\\\/www.youtube.com\\\/embed\\\/XHOmBV4js_E?feature=oembed&amp;start&amp;end&amp;wmode=opaque&amp;loop=0&amp;controls=0&amp;mute=0&amp;rel=0&amp;cc_load_policy=0&quot;,&quot;autoplay&quot;:&quot;&quot;,&quot;modalOptions&quot;:{&quot;id&quot;:&quot;elementor-lightbox-4d126df2&quot;,&quot;entranceAnimation&quot;:&quot;fadeIn&quot;,&quot;entranceAnimation_tablet&quot;:&quot;&quot;,&quot;entranceAnimation_mobile&quot;:&quot;&quot;,&quot;videoAspectRatio&quot;:&quot;169&quot;}}\" data-e-action-hash=\"#elementor-action%3Aaction%3Dlightbox%26settings%3DeyJ0eXBlIjoidmlkZW8iLCJ2aWRlb1R5cGUiOiJ5b3V0dWJlIiwidXJsIjoiaHR0cHM6XC9cL3d3dy55b3V0dWJlLmNvbVwvZW1iZWRcL1hIT21CVjRqc19FP2ZlYXR1cmU9b2VtYmVkJnN0YXJ0JmVuZCZ3bW9kZT1vcGFxdWUmbG9vcD0wJmNvbnRyb2xzPTAmbXV0ZT0wJnJlbD0wJmNjX2xvYWRfcG9saWN5PTAiLCJhdXRvcGxheSI6IiIsIm1vZGFsT3B0aW9ucyI6eyJpZCI6ImVsZW1lbnRvci1saWdodGJveC00ZDEyNmRmMiIsImVudHJhbmNlQW5pbWF0aW9uIjoiZmFkZUluIiwiZW50cmFuY2VBbmltYXRpb25fdGFibGV0IjoiIiwiZW50cmFuY2VBbmltYXRpb25fbW9iaWxlIjoiIiwidmlkZW9Bc3BlY3RSYXRpbyI6IjE2OSJ9fQ%3D%3D\">\n\t\t\t\t\t\t\t\t\t\t\t<img decoding=\"async\" src=\"https:\/\/luxuryadventurestour.com\/wp-content\/uploads\/2025\/08\/1b1a28eb-group-230.png\" title=\"\" alt=\"\" loading=\"lazy\" \/>\t\t\t\t\t\t\t\t\t\t\t\t\t\t<\/div>\n\t\t\t\t\t<\/div>\n\t\t\t\t\t\t<\/div>\n\t\t\t\t<\/div>\n\t\t\t\t\t<\/div>\n\t\t<\/div>\n\t\t\t\t\t<\/div>\n\t\t<\/section>\n\t\t\t\t\t<\/div>\n\t\t<\/div>\n\t\t\t\t\t<\/div>\n\t\t<\/section>\n\t\t\t\t<\/div>\n\t\t","protected":false},"excerpt":{"rendered":"<p>W\u00e4hlen Sie WiseTrips f\u00fcr alle Ihre Reisen Wir sorgen daf\u00fcr, dass unsere Kunden den sch\u00f6nsten Urlaub ihres Lebens verbringen. Wir k\u00fcmmern uns um alles, was sie auf der Tour ben\u00f6tigen, und bieten ihnen umfassende Flexibilit\u00e4t bei der Auswahl der Pakete. Flexibilit\u00e4t in Paketen 0% Freundlicher Service 0% Gemeinsam k\u00f6nnen wir tolle Erinnerungen schaffen Sind Sie [&hellip;]<\/p>\n","protected":false},"author":8,"featured_media":12072,"parent":0,"menu_order":0,"comment_status":"closed","ping_status":"closed","template":"elementor_theme","meta":{"_glsr_average":0,"_glsr_ranking":0,"_glsr_reviews":0,"footnotes":""},"class_list":["post-12096","page","type-page","status-publish","has-post-thumbnail","hentry"],"yoast_head":"<!-- This site is optimized with the Yoast SEO plugin v27.3 - https:\/\/yoast.com\/product\/yoast-seo-wordpress\/ -->\n<title>\u00dcber uns - luxuryadventurestour.com<\/title>\n<meta name=\"robots\" content=\"index, follow, max-snippet:-1, max-image-preview:large, max-video-preview:-1\" \/>\n<link rel=\"canonical\" href=\"https:\/\/luxuryadventurestour.com\/de\/ueber-uns\/\" \/>\n<meta property=\"og:locale\" content=\"de_DE\" \/>\n<meta property=\"og:type\" content=\"article\" \/>\n<meta property=\"og:title\" content=\"\u00dcber uns - luxuryadventurestour.com\" \/>\n<meta property=\"og:description\" content=\"W\u00e4hlen Sie WiseTrips f\u00fcr alle Ihre Reisen Wir sorgen daf\u00fcr, dass unsere Kunden den sch\u00f6nsten Urlaub ihres Lebens verbringen. Wir k\u00fcmmern uns um alles, was sie auf der Tour ben\u00f6tigen, und bieten ihnen umfassende Flexibilit\u00e4t bei der Auswahl der Pakete. Flexibilit\u00e4t in Paketen 0% Freundlicher Service 0% Gemeinsam k\u00f6nnen wir tolle Erinnerungen schaffen Sind Sie [&hellip;]\" \/>\n<meta property=\"og:url\" content=\"https:\/\/luxuryadventurestour.com\/de\/ueber-uns\/\" \/>\n<meta property=\"og:site_name\" content=\"luxuryadventurestour.com\" \/>\n<meta property=\"article:publisher\" content=\"https:\/\/www.facebook.com\/share\/1BTToyK81v\/\" \/>\n<meta property=\"article:modified_time\" content=\"2025-08-12T22:11:57+00:00\" \/>\n<meta property=\"og:image\" content=\"https:\/\/luxuryadventurestour.com\/wp-content\/uploads\/2025\/07\/background.png\" \/>\n\t<meta property=\"og:image:width\" content=\"835\" \/>\n\t<meta property=\"og:image:height\" content=\"820\" \/>\n\t<meta property=\"og:image:type\" content=\"image\/png\" \/>\n<meta name=\"twitter:card\" content=\"summary_large_image\" \/>\n<meta name=\"twitter:site\" content=\"@luxuryadventurestour\" \/>\n<script type=\"application\/ld+json\" class=\"yoast-schema-graph\">{\"@context\":\"https:\\\/\\\/schema.org\",\"@graph\":[{\"@type\":\"WebPage\",\"@id\":\"https:\\\/\\\/luxuryadventurestour.com\\\/de\\\/ueber-uns\\\/\",\"url\":\"https:\\\/\\\/luxuryadventurestour.com\\\/de\\\/ueber-uns\\\/\",\"name\":\"\u00dcber uns - luxuryadventurestour.com\",\"isPartOf\":{\"@id\":\"https:\\\/\\\/luxuryadventurestour.com\\\/de\\\/#website\"},\"primaryImageOfPage\":{\"@id\":\"https:\\\/\\\/luxuryadventurestour.com\\\/de\\\/ueber-uns\\\/#primaryimage\"},\"image\":{\"@id\":\"https:\\\/\\\/luxuryadventurestour.com\\\/de\\\/ueber-uns\\\/#primaryimage\"},\"thumbnailUrl\":\"https:\\\/\\\/luxuryadventurestour.com\\\/wp-content\\\/uploads\\\/2025\\\/07\\\/background.png\",\"datePublished\":\"2018-12-10T03:06:47+00:00\",\"dateModified\":\"2025-08-12T22:11:57+00:00\",\"breadcrumb\":{\"@id\":\"https:\\\/\\\/luxuryadventurestour.com\\\/de\\\/ueber-uns\\\/#breadcrumb\"},\"inLanguage\":\"de\",\"potentialAction\":[{\"@type\":\"ReadAction\",\"target\":[\"https:\\\/\\\/luxuryadventurestour.com\\\/de\\\/ueber-uns\\\/\"]}]},{\"@type\":\"ImageObject\",\"inLanguage\":\"de\",\"@id\":\"https:\\\/\\\/luxuryadventurestour.com\\\/de\\\/ueber-uns\\\/#primaryimage\",\"url\":\"https:\\\/\\\/luxuryadventurestour.com\\\/wp-content\\\/uploads\\\/2025\\\/07\\\/background.png\",\"contentUrl\":\"https:\\\/\\\/luxuryadventurestour.com\\\/wp-content\\\/uploads\\\/2025\\\/07\\\/background.png\",\"width\":835,\"height\":820},{\"@type\":\"BreadcrumbList\",\"@id\":\"https:\\\/\\\/luxuryadventurestour.com\\\/de\\\/ueber-uns\\\/#breadcrumb\",\"itemListElement\":[{\"@type\":\"ListItem\",\"position\":1,\"name\":\"Home\",\"item\":\"https:\\\/\\\/luxuryadventurestour.com\\\/de\\\/\"},{\"@type\":\"ListItem\",\"position\":2,\"name\":\"\u00dcber uns\"}]},{\"@type\":\"WebSite\",\"@id\":\"https:\\\/\\\/luxuryadventurestour.com\\\/de\\\/#website\",\"url\":\"https:\\\/\\\/luxuryadventurestour.com\\\/de\\\/\",\"name\":\"luxuryadventurestour.com\",\"description\":\"adventures in style\",\"publisher\":{\"@id\":\"https:\\\/\\\/luxuryadventurestour.com\\\/de\\\/#organization\"},\"potentialAction\":[{\"@type\":\"SearchAction\",\"target\":{\"@type\":\"EntryPoint\",\"urlTemplate\":\"https:\\\/\\\/luxuryadventurestour.com\\\/de\\\/?s={search_term_string}\"},\"query-input\":{\"@type\":\"PropertyValueSpecification\",\"valueRequired\":true,\"valueName\":\"search_term_string\"}}],\"inLanguage\":\"de\"},{\"@type\":\"Organization\",\"@id\":\"https:\\\/\\\/luxuryadventurestour.com\\\/de\\\/#organization\",\"name\":\"luxuryadventurestour.com\",\"url\":\"https:\\\/\\\/luxuryadventurestour.com\\\/de\\\/\",\"logo\":{\"@type\":\"ImageObject\",\"inLanguage\":\"de\",\"@id\":\"https:\\\/\\\/luxuryadventurestour.com\\\/de\\\/#\\\/schema\\\/logo\\\/image\\\/\",\"url\":\"https:\\\/\\\/luxuryadventurestour.com\\\/wp-content\\\/uploads\\\/2025\\\/09\\\/WhatsApp-Image-2025-09-20-at-16.28.39.jpeg\",\"contentUrl\":\"https:\\\/\\\/luxuryadventurestour.com\\\/wp-content\\\/uploads\\\/2025\\\/09\\\/WhatsApp-Image-2025-09-20-at-16.28.39.jpeg\",\"width\":1024,\"height\":1024,\"caption\":\"luxuryadventurestour.com\"},\"image\":{\"@id\":\"https:\\\/\\\/luxuryadventurestour.com\\\/de\\\/#\\\/schema\\\/logo\\\/image\\\/\"},\"sameAs\":[\"https:\\\/\\\/www.facebook.com\\\/share\\\/1BTToyK81v\\\/\",\"https:\\\/\\\/x.com\\\/luxuryadventurestour\"]}]}<\/script>\n<!-- \/ Yoast SEO plugin. -->","yoast_head_json":{"title":"\u00dcber uns - luxuryadventurestour.com","robots":{"index":"index","follow":"follow","max-snippet":"max-snippet:-1","max-image-preview":"max-image-preview:large","max-video-preview":"max-video-preview:-1"},"canonical":"https:\/\/luxuryadventurestour.com\/de\/ueber-uns\/","og_locale":"de_DE","og_type":"article","og_title":"\u00dcber uns - luxuryadventurestour.com","og_description":"W\u00e4hlen Sie WiseTrips f\u00fcr alle Ihre Reisen Wir sorgen daf\u00fcr, dass unsere Kunden den sch\u00f6nsten Urlaub ihres Lebens verbringen. Wir k\u00fcmmern uns um alles, was sie auf der Tour ben\u00f6tigen, und bieten ihnen umfassende Flexibilit\u00e4t bei der Auswahl der Pakete. Flexibilit\u00e4t in Paketen 0% Freundlicher Service 0% Gemeinsam k\u00f6nnen wir tolle Erinnerungen schaffen Sind Sie [&hellip;]","og_url":"https:\/\/luxuryadventurestour.com\/de\/ueber-uns\/","og_site_name":"luxuryadventurestour.com","article_publisher":"https:\/\/www.facebook.com\/share\/1BTToyK81v\/","article_modified_time":"2025-08-12T22:11:57+00:00","og_image":[{"width":835,"height":820,"url":"https:\/\/luxuryadventurestour.com\/wp-content\/uploads\/2025\/07\/background.png","type":"image\/png"}],"twitter_card":"summary_large_image","twitter_site":"@luxuryadventurestour","schema":{"@context":"https:\/\/schema.org","@graph":[{"@type":"WebPage","@id":"https:\/\/luxuryadventurestour.com\/de\/ueber-uns\/","url":"https:\/\/luxuryadventurestour.com\/de\/ueber-uns\/","name":"\u00dcber uns - luxuryadventurestour.com","isPartOf":{"@id":"https:\/\/luxuryadventurestour.com\/de\/#website"},"primaryImageOfPage":{"@id":"https:\/\/luxuryadventurestour.com\/de\/ueber-uns\/#primaryimage"},"image":{"@id":"https:\/\/luxuryadventurestour.com\/de\/ueber-uns\/#primaryimage"},"thumbnailUrl":"https:\/\/luxuryadventurestour.com\/wp-content\/uploads\/2025\/07\/background.png","datePublished":"2018-12-10T03:06:47+00:00","dateModified":"2025-08-12T22:11:57+00:00","breadcrumb":{"@id":"https:\/\/luxuryadventurestour.com\/de\/ueber-uns\/#breadcrumb"},"inLanguage":"de","potentialAction":[{"@type":"ReadAction","target":["https:\/\/luxuryadventurestour.com\/de\/ueber-uns\/"]}]},{"@type":"ImageObject","inLanguage":"de","@id":"https:\/\/luxuryadventurestour.com\/de\/ueber-uns\/#primaryimage","url":"https:\/\/luxuryadventurestour.com\/wp-content\/uploads\/2025\/07\/background.png","contentUrl":"https:\/\/luxuryadventurestour.com\/wp-content\/uploads\/2025\/07\/background.png","width":835,"height":820},{"@type":"BreadcrumbList","@id":"https:\/\/luxuryadventurestour.com\/de\/ueber-uns\/#breadcrumb","itemListElement":[{"@type":"ListItem","position":1,"name":"Home","item":"https:\/\/luxuryadventurestour.com\/de\/"},{"@type":"ListItem","position":2,"name":"\u00dcber uns"}]},{"@type":"WebSite","@id":"https:\/\/luxuryadventurestour.com\/de\/#website","url":"https:\/\/luxuryadventurestour.com\/de\/","name":"luxuryadventurestour.com","description":"adventures in style","publisher":{"@id":"https:\/\/luxuryadventurestour.com\/de\/#organization"},"potentialAction":[{"@type":"SearchAction","target":{"@type":"EntryPoint","urlTemplate":"https:\/\/luxuryadventurestour.com\/de\/?s={search_term_string}"},"query-input":{"@type":"PropertyValueSpecification","valueRequired":true,"valueName":"search_term_string"}}],"inLanguage":"de"},{"@type":"Organization","@id":"https:\/\/luxuryadventurestour.com\/de\/#organization","name":"luxuryadventurestour.com","url":"https:\/\/luxuryadventurestour.com\/de\/","logo":{"@type":"ImageObject","inLanguage":"de","@id":"https:\/\/luxuryadventurestour.com\/de\/#\/schema\/logo\/image\/","url":"https:\/\/luxuryadventurestour.com\/wp-content\/uploads\/2025\/09\/WhatsApp-Image-2025-09-20-at-16.28.39.jpeg","contentUrl":"https:\/\/luxuryadventurestour.com\/wp-content\/uploads\/2025\/09\/WhatsApp-Image-2025-09-20-at-16.28.39.jpeg","width":1024,"height":1024,"caption":"luxuryadventurestour.com"},"image":{"@id":"https:\/\/luxuryadventurestour.com\/de\/#\/schema\/logo\/image\/"},"sameAs":["https:\/\/www.facebook.com\/share\/1BTToyK81v\/","https:\/\/x.com\/luxuryadventurestour"]}]}},"_links":{"self":[{"href":"https:\/\/luxuryadventurestour.com\/de\/wp-json\/wp\/v2\/pages\/12096","targetHints":{"allow":["GET"]}}],"collection":[{"href":"https:\/\/luxuryadventurestour.com\/de\/wp-json\/wp\/v2\/pages"}],"about":[{"href":"https:\/\/luxuryadventurestour.com\/de\/wp-json\/wp\/v2\/types\/page"}],"author":[{"embeddable":true,"href":"https:\/\/luxuryadventurestour.com\/de\/wp-json\/wp\/v2\/users\/8"}],"replies":[{"embeddable":true,"href":"https:\/\/luxuryadventurestour.com\/de\/wp-json\/wp\/v2\/comments?post=12096"}],"version-history":[{"count":1,"href":"https:\/\/luxuryadventurestour.com\/de\/wp-json\/wp\/v2\/pages\/12096\/revisions"}],"predecessor-version":[{"id":12097,"href":"https:\/\/luxuryadventurestour.com\/de\/wp-json\/wp\/v2\/pages\/12096\/revisions\/12097"}],"wp:featuredmedia":[{"embeddable":true,"href":"https:\/\/luxuryadventurestour.com\/de\/wp-json\/wp\/v2\/media\/12072"}],"wp:attachment":[{"href":"https:\/\/luxuryadventurestour.com\/de\/wp-json\/wp\/v2\/media?parent=12096"}],"curies":[{"name":"wp","href":"https:\/\/api.w.org\/{rel}","templated":true}]}}